{"id":166,"date":"2026-04-16T07:45:55","date_gmt":"2026-04-16T07:45:55","guid":{"rendered":"https:\/\/authentic-hair.com\/impressum\/"},"modified":"2026-04-16T13:56:52","modified_gmt":"2026-04-16T13:56:52","slug":"impressum","status":"publish","type":"page","link":"https:\/\/authentic-hair.com\/es\/impressum\/","title":{"rendered":"Aviso legal"},"content":{"rendered":"\t\t<div data-elementor-type=\"wp-page\" data-elementor-id=\"166\" class=\"elementor elementor-166 elementor-45\" data-elementor-post-type=\"page\">\n\t\t\t\t<div data-particle_enable=\"false\" data-particle-mobile-disabled=\"false\" class=\"elementor-element elementor-element-bd5269f e-flex e-con-boxed e-con e-parent\" data-id=\"bd5269f\" data-element_type=\"container\" data-e-type=\"container\">\n\t\t\t\t\t<div class=\"e-con-inner\">\n\t\t\t\t<div class=\"elementor-element elementor-element-1383b93 elementor-widget elementor-widget-heading\" data-id=\"1383b93\" data-element_type=\"widget\" data-e-type=\"widget\" data-widget_type=\"heading.default\">\n\t\t\t\t\t<h2 class=\"elementor-heading-title elementor-size-default\">Aviso legal<\/h2>\t\t\t\t<\/div>\n\t\t\t\t<div class=\"elementor-element elementor-element-dcfd2d3 elementor-widget elementor-widget-text-editor\" data-id=\"dcfd2d3\" data-element_type=\"widget\" data-e-type=\"widget\" data-widget_type=\"text-editor.default\">\n\t\t\t\t\t\t\t\t\t<h4>Propietario de la p\u00e1gina:<\/h4><p><span style=\"color: #000000;\">Authentic Hair Salon A by Angela K\u00fchling<\/span><br><span style=\"color: #000000;\">Cl. Castell d&#8217;Olimbroi, 10<\/span><br><span style=\"color: #000000;\">BA\u00b01<\/span><br><span style=\"color: #000000;\">03700 D\u00e9nia, Alicante, Espa\u00f1a<\/span><br><span style=\"color: #000000;\">Correo electr\u00f3nico: info@authentic-hair.com<\/span><\/p><p>Tel\u00e9fono: <a href=\"tel:+34663960988\">+34 663 96 09 88<\/a><br>Correo electr\u00f3nico: <a href=\"mailto:info@authentic-hair.com\">info@authentic-hair.com<\/a><\/p><p>NIF: ESY5373763B<\/p><h4> <\/h4><h4>Descargo de responsabilidad \u2013 avisos legales<\/h4><p><strong>\u00a7 1 Advertencia sobre el contenido<\/strong><\/p><p>Los contenidos gratuitos y de libre acceso de este sitio web han sido elaborados con el mayor cuidado posible. Sin embargo, el proveedor de este sitio web no asume ninguna responsabilidad por la exactitud y actualidad de los consejos y noticias period\u00edsticas gratuitas y de libre acceso proporcionadas. Las contribuciones identificadas por su nombre reflejan la opini\u00f3n del autor respectivo y no siempre la opini\u00f3n del proveedor. El acceso a los contenidos gratuitos y de libre acceso no establece ninguna relaci\u00f3n contractual entre el usuario y el proveedor, en la medida en que falta la voluntad del proveedor de obligarse legalmente.<\/p><p><strong>\u00a7 2 Enlaces externos<\/strong><\/p><p>Este sitio web contiene enlaces a sitios web de terceros (\u201cenlaces externos\u201d). Estos sitios web est\u00e1n sujetos a la responsabilidad de sus respectivos operadores. El proveedor verific\u00f3 los contenidos externos en el momento de la primera vinculaci\u00f3n para determinar si exist\u00edan posibles infracciones legales. En ese momento, no se observaron infracciones legales. El proveedor no tiene ninguna influencia sobre el dise\u00f1o actual y futuro ni sobre los contenidos de las p\u00e1ginas enlazadas. El establecimiento de enlaces externos no significa que el proveedor haga suyos los contenidos a los que se hace referencia o se enlaza. No es razonable exigir al proveedor un control constante de los enlaces externos sin indicios concretos de infracciones legales. Sin embargo, si se tiene conocimiento de infracciones legales, dichos enlaces externos se eliminar\u00e1n de inmediato.<\/p><p><strong>\u00a7 3 Derechos de autor y derechos de propiedad intelectual<\/strong><\/p><p>Los contenidos publicados en este sitio web est\u00e1n sujetos a la legislaci\u00f3n alemana sobre derechos de autor y derechos de propiedad intelectual. Cualquier uso no autorizado por la legislaci\u00f3n alemana sobre derechos de autor y derechos de propiedad intelectual requiere el consentimiento previo por escrito del proveedor o del titular de los derechos respectivos. Esto se aplica en particular a la reproducci\u00f3n, edici\u00f3n, traducci\u00f3n, almacenamiento, procesamiento o reproducci\u00f3n de contenidos en bases de datos u otros medios y sistemas electr\u00f3nicos. Los contenidos y derechos de terceros est\u00e1n marcados como tales. La reproducci\u00f3n o transmisi\u00f3n no autorizada de contenidos individuales o de p\u00e1ginas completas no est\u00e1 permitida y es punible. Solo se permite la creaci\u00f3n de copias y descargas para uso personal, privado y no comercial.<\/p><p>La presentaci\u00f3n de este sitio web en marcos externos solo est\u00e1 permitida con autorizaci\u00f3n por escrito.<\/p><p><strong>\u00a7 4 Condiciones especiales de uso<\/strong><\/p><p>En la medida en que las condiciones especiales para usos individuales de este sitio web difieran de los p\u00e1rrafos anteriores, se indicar\u00e1 expresamente en el lugar correspondiente. En este caso, se aplicar\u00e1n las condiciones especiales de uso en cada caso particular.<\/p><p><strong>\u00a7 5 Derechos de imagen<\/strong><\/p><p>Todas las im\u00e1genes provienen de fotograf\u00eda propia o son im\u00e1genes de stock con licencia de Shutterstock, Adobe Stock o Freepik y pueden usarse en este sitio web de acuerdo con la licencia adquirida.<\/p>\t\t\t\t\t\t\t\t<\/div>\n\t\t\t\t\t<\/div>\n\t\t\t\t<\/div>\n\t\t\t\t<\/div>\n\t\t","protected":false},"excerpt":{"rendered":"<p>Aviso legal Propietario de la p\u00e1gina: Authentic Hair Salon A by Angela K\u00fchlingCl. Castell d&#8217;Olimbroi, 10BA\u00b0103700 D\u00e9nia, Alicante, Espa\u00f1aCorreo electr\u00f3nico: info@authentic-hair.com Tel\u00e9fono: +34 663 96 09 88Correo electr\u00f3nico: info@authentic-hair.com NIF: ESY5373763B Descargo de responsabilidad \u2013 avisos legales \u00a7 1 Advertencia sobre el contenido Los contenidos gratuitos y de libre acceso de este sitio web han [&hellip;]<\/p>\n","protected":false},"author":2,"featured_media":0,"parent":0,"menu_order":0,"comment_status":"closed","ping_status":"closed","template":"","meta":{"footnotes":""},"class_list":["post-166","page","type-page","status-publish","hentry","wpbf-post"],"yoast_head":"<!-- This site is optimized with the Yoast SEO plugin v27.4 - https:\/\/yoast.com\/product\/yoast-seo-wordpress\/ -->\n<title>Aviso legal - Authentic Hair by Salon A<\/title>\n<meta name=\"description\" content=\"El aviso legal de Authentic Hair by Salon A ofrece informaci\u00f3n importante de contacto y avisos legales. Inf\u00f3rmate ahora.\" \/>\n<meta name=\"robots\" content=\"index, follow, max-snippet:-1, max-image-preview:large, max-video-preview:-1\" \/>\n<link rel=\"canonical\" href=\"https:\/\/authentic-hair.com\/es\/impressum\/\" \/>\n<meta property=\"og:locale\" content=\"es_ES\" \/>\n<meta property=\"og:type\" content=\"article\" \/>\n<meta property=\"og:title\" content=\"Aviso legal - Authentic Hair by Salon A\" \/>\n<meta property=\"og:description\" content=\"El aviso legal de Authentic Hair by Salon A ofrece informaci\u00f3n importante de contacto y avisos legales. Inf\u00f3rmate ahora.\" \/>\n<meta property=\"og:url\" content=\"https:\/\/authentic-hair.com\/es\/impressum\/\" \/>\n<meta property=\"og:site_name\" content=\"Authentic Hair by Salon A\" \/>\n<meta property=\"article:publisher\" content=\"https:\/\/www.facebook.com\/share\/18LtRUFCcr\/?mibextid=wwXIfr\" \/>\n<meta property=\"article:modified_time\" content=\"2026-04-16T13:56:52+00:00\" \/>\n<meta property=\"og:image\" content=\"https:\/\/authentic-hair.com\/wp-content\/uploads\/2026\/04\/cropped-Salon-A-Authentic-Hair-Logo_Web_-scaled-1.webp\" \/>\n\t<meta property=\"og:image:width\" content=\"2558\" \/>\n\t<meta property=\"og:image:height\" content=\"1620\" \/>\n\t<meta property=\"og:image:type\" content=\"image\/webp\" \/>\n<meta name=\"twitter:card\" content=\"summary_large_image\" \/>\n<script type=\"application\/ld+json\" class=\"yoast-schema-graph\">{\"@context\":\"https:\\\/\\\/schema.org\",\"@graph\":[{\"@type\":\"WebPage\",\"@id\":\"https:\\\/\\\/authentic-hair.com\\\/es\\\/impressum\\\/\",\"url\":\"https:\\\/\\\/authentic-hair.com\\\/es\\\/impressum\\\/\",\"name\":\"Aviso legal - Authentic Hair by Salon A\",\"isPartOf\":{\"@id\":\"https:\\\/\\\/authentic-hair.com\\\/es\\\/#website\"},\"datePublished\":\"2026-04-16T07:45:55+00:00\",\"dateModified\":\"2026-04-16T13:56:52+00:00\",\"description\":\"El aviso legal de Authentic Hair by Salon A ofrece informaci\u00f3n importante de contacto y avisos legales. Inf\u00f3rmate ahora.\",\"breadcrumb\":{\"@id\":\"https:\\\/\\\/authentic-hair.com\\\/es\\\/impressum\\\/#breadcrumb\"},\"inLanguage\":\"es\",\"potentialAction\":[{\"@type\":\"ReadAction\",\"target\":[\"https:\\\/\\\/authentic-hair.com\\\/es\\\/impressum\\\/\"]}]},{\"@type\":\"BreadcrumbList\",\"@id\":\"https:\\\/\\\/authentic-hair.com\\\/es\\\/impressum\\\/#breadcrumb\",\"itemListElement\":[{\"@type\":\"ListItem\",\"position\":1,\"name\":\"Start\",\"item\":\"https:\\\/\\\/authentic-hair.com\\\/es\\\/salon-a-authentic-hair\\\/\"},{\"@type\":\"ListItem\",\"position\":2,\"name\":\"Aviso legal\"}]},{\"@type\":\"WebSite\",\"@id\":\"https:\\\/\\\/authentic-hair.com\\\/es\\\/#website\",\"url\":\"https:\\\/\\\/authentic-hair.com\\\/es\\\/\",\"name\":\"Authentic Hair by Salon A\",\"description\":\"Friseursalon in D\u00e9nia\",\"publisher\":{\"@id\":\"https:\\\/\\\/authentic-hair.com\\\/es\\\/#organization\"},\"alternateName\":\"Authentic Hair\",\"potentialAction\":[{\"@type\":\"SearchAction\",\"target\":{\"@type\":\"EntryPoint\",\"urlTemplate\":\"https:\\\/\\\/authentic-hair.com\\\/es\\\/?s={search_term_string}\"},\"query-input\":{\"@type\":\"PropertyValueSpecification\",\"valueRequired\":true,\"valueName\":\"search_term_string\"}}],\"inLanguage\":\"es\"},{\"@type\":\"Organization\",\"@id\":\"https:\\\/\\\/authentic-hair.com\\\/es\\\/#organization\",\"name\":\"Authentic Hair by Salon A\",\"url\":\"https:\\\/\\\/authentic-hair.com\\\/es\\\/\",\"logo\":{\"@type\":\"ImageObject\",\"inLanguage\":\"es\",\"@id\":\"https:\\\/\\\/authentic-hair.com\\\/es\\\/#\\\/schema\\\/logo\\\/image\\\/\",\"url\":\"https:\\\/\\\/authentic-hair.com\\\/wp-content\\\/uploads\\\/2026\\\/04\\\/cropped-Salon-A-Authentic-Hair-Logo_Web_-scaled-1.webp\",\"contentUrl\":\"https:\\\/\\\/authentic-hair.com\\\/wp-content\\\/uploads\\\/2026\\\/04\\\/cropped-Salon-A-Authentic-Hair-Logo_Web_-scaled-1.webp\",\"width\":2558,\"height\":1620,\"caption\":\"Authentic Hair by Salon A\"},\"image\":{\"@id\":\"https:\\\/\\\/authentic-hair.com\\\/es\\\/#\\\/schema\\\/logo\\\/image\\\/\"},\"sameAs\":[\"https:\\\/\\\/www.facebook.com\\\/share\\\/18LtRUFCcr\\\/?mibextid=wwXIfr\",\"https:\\\/\\\/www.instagram.com\\\/authentic.hair.denia?igsh=MW42d2Q0cnViYmIxZA&utm_source=qr\"]}]}<\/script>\n<!-- \/ Yoast SEO plugin. -->","yoast_head_json":{"title":"Aviso legal - Authentic Hair by Salon A","description":"El aviso legal de Authentic Hair by Salon A ofrece informaci\u00f3n importante de contacto y avisos legales. Inf\u00f3rmate ahora.","robots":{"index":"index","follow":"follow","max-snippet":"max-snippet:-1","max-image-preview":"max-image-preview:large","max-video-preview":"max-video-preview:-1"},"canonical":"https:\/\/authentic-hair.com\/es\/impressum\/","og_locale":"es_ES","og_type":"article","og_title":"Aviso legal - Authentic Hair by Salon A","og_description":"El aviso legal de Authentic Hair by Salon A ofrece informaci\u00f3n importante de contacto y avisos legales. Inf\u00f3rmate ahora.","og_url":"https:\/\/authentic-hair.com\/es\/impressum\/","og_site_name":"Authentic Hair by Salon A","article_publisher":"https:\/\/www.facebook.com\/share\/18LtRUFCcr\/?mibextid=wwXIfr","article_modified_time":"2026-04-16T13:56:52+00:00","og_image":[{"width":2558,"height":1620,"url":"https:\/\/authentic-hair.com\/wp-content\/uploads\/2026\/04\/cropped-Salon-A-Authentic-Hair-Logo_Web_-scaled-1.webp","type":"image\/webp"}],"twitter_card":"summary_large_image","schema":{"@context":"https:\/\/schema.org","@graph":[{"@type":"WebPage","@id":"https:\/\/authentic-hair.com\/es\/impressum\/","url":"https:\/\/authentic-hair.com\/es\/impressum\/","name":"Aviso legal - Authentic Hair by Salon A","isPartOf":{"@id":"https:\/\/authentic-hair.com\/es\/#website"},"datePublished":"2026-04-16T07:45:55+00:00","dateModified":"2026-04-16T13:56:52+00:00","description":"El aviso legal de Authentic Hair by Salon A ofrece informaci\u00f3n importante de contacto y avisos legales. Inf\u00f3rmate ahora.","breadcrumb":{"@id":"https:\/\/authentic-hair.com\/es\/impressum\/#breadcrumb"},"inLanguage":"es","potentialAction":[{"@type":"ReadAction","target":["https:\/\/authentic-hair.com\/es\/impressum\/"]}]},{"@type":"BreadcrumbList","@id":"https:\/\/authentic-hair.com\/es\/impressum\/#breadcrumb","itemListElement":[{"@type":"ListItem","position":1,"name":"Start","item":"https:\/\/authentic-hair.com\/es\/salon-a-authentic-hair\/"},{"@type":"ListItem","position":2,"name":"Aviso legal"}]},{"@type":"WebSite","@id":"https:\/\/authentic-hair.com\/es\/#website","url":"https:\/\/authentic-hair.com\/es\/","name":"Authentic Hair by Salon A","description":"Friseursalon in D\u00e9nia","publisher":{"@id":"https:\/\/authentic-hair.com\/es\/#organization"},"alternateName":"Authentic Hair","potentialAction":[{"@type":"SearchAction","target":{"@type":"EntryPoint","urlTemplate":"https:\/\/authentic-hair.com\/es\/?s={search_term_string}"},"query-input":{"@type":"PropertyValueSpecification","valueRequired":true,"valueName":"search_term_string"}}],"inLanguage":"es"},{"@type":"Organization","@id":"https:\/\/authentic-hair.com\/es\/#organization","name":"Authentic Hair by Salon A","url":"https:\/\/authentic-hair.com\/es\/","logo":{"@type":"ImageObject","inLanguage":"es","@id":"https:\/\/authentic-hair.com\/es\/#\/schema\/logo\/image\/","url":"https:\/\/authentic-hair.com\/wp-content\/uploads\/2026\/04\/cropped-Salon-A-Authentic-Hair-Logo_Web_-scaled-1.webp","contentUrl":"https:\/\/authentic-hair.com\/wp-content\/uploads\/2026\/04\/cropped-Salon-A-Authentic-Hair-Logo_Web_-scaled-1.webp","width":2558,"height":1620,"caption":"Authentic Hair by Salon A"},"image":{"@id":"https:\/\/authentic-hair.com\/es\/#\/schema\/logo\/image\/"},"sameAs":["https:\/\/www.facebook.com\/share\/18LtRUFCcr\/?mibextid=wwXIfr","https:\/\/www.instagram.com\/authentic.hair.denia?igsh=MW42d2Q0cnViYmIxZA&utm_source=qr"]}]}},"_links":{"self":[{"href":"https:\/\/authentic-hair.com\/es\/wp-json\/wp\/v2\/pages\/166","targetHints":{"allow":["GET"]}}],"collection":[{"href":"https:\/\/authentic-hair.com\/es\/wp-json\/wp\/v2\/pages"}],"about":[{"href":"https:\/\/authentic-hair.com\/es\/wp-json\/wp\/v2\/types\/page"}],"author":[{"embeddable":true,"href":"https:\/\/authentic-hair.com\/es\/wp-json\/wp\/v2\/users\/2"}],"replies":[{"embeddable":true,"href":"https:\/\/authentic-hair.com\/es\/wp-json\/wp\/v2\/comments?post=166"}],"version-history":[{"count":2,"href":"https:\/\/authentic-hair.com\/es\/wp-json\/wp\/v2\/pages\/166\/revisions"}],"predecessor-version":[{"id":170,"href":"https:\/\/authentic-hair.com\/es\/wp-json\/wp\/v2\/pages\/166\/revisions\/170"}],"wp:attachment":[{"href":"https:\/\/authentic-hair.com\/es\/wp-json\/wp\/v2\/media?parent=166"}],"curies":[{"name":"wp","href":"https:\/\/api.w.org\/{rel}","templated":true}]}}